{"id":4400,"date":"2021-10-12T15:51:09","date_gmt":"2021-10-12T15:51:09","guid":{"rendered":"http:\/\/dummy.xtemos.com\/woodmart2\/elementor\/?page_id=4400"},"modified":"2025-12-11T16:31:44","modified_gmt":"2025-12-11T16:31:44","slug":"about-us-3","status":"publish","type":"page","link":"https:\/\/magical-gagarin.62-138-0-210.plesk.page\/index.php\/about-us-3\/","title":{"rendered":"About us"},"content":{"rendered":"\t\t<div data-elementor-type=\"wp-page\" data-elementor-id=\"4400\" class=\"elementor elementor-4400\">\n\t\t\t\t<div class=\"wd-negative-gap elementor-element elementor-element-7c7c544 e-flex e-con-boxed e-con e-parent\" data-id=\"7c7c544\" data-element_type=\"container\">\n\t\t\t\t\t<div class=\"e-con-inner\">\n\t\t<div class=\"elementor-element elementor-element-e7cb5cd e-con-full e-flex e-con e-child\" data-id=\"e7cb5cd\" data-element_type=\"container\">\n\t\t\t\t<div class=\"elementor-element elementor-element-56aec39 elementor-widget elementor-widget-wd_image_or_svg\" data-id=\"56aec39\" data-element_type=\"widget\" data-widget_type=\"wd_image_or_svg.default\">\n\t\t\t\t<div class=\"elementor-widget-container\">\n\t\t\t\t\t\n\t\t<div class=\"wd-image text-left\">\n\t\t\t\t\t\t\t\t<img fetchpriority=\"high\" decoding=\"async\" width=\"768\" height=\"1344\" src=\"https:\/\/magical-gagarin.62-138-0-210.plesk.page\/wp-content\/uploads\/2025\/12\/024.png\" class=\"attachment-full size-full\" alt=\"\" srcset=\"https:\/\/magical-gagarin.62-138-0-210.plesk.page\/wp-content\/uploads\/2025\/12\/024.png 768w, https:\/\/magical-gagarin.62-138-0-210.plesk.page\/wp-content\/uploads\/2025\/12\/024-171x300.png 171w, https:\/\/magical-gagarin.62-138-0-210.plesk.page\/wp-content\/uploads\/2025\/12\/024-457x800.png 457w, https:\/\/magical-gagarin.62-138-0-210.plesk.page\/wp-content\/uploads\/2025\/12\/024-430x753.png 430w, https:\/\/magical-gagarin.62-138-0-210.plesk.page\/wp-content\/uploads\/2025\/12\/024-700x1225.png 700w, https:\/\/magical-gagarin.62-138-0-210.plesk.page\/wp-content\/uploads\/2025\/12\/024-150x263.png 150w\" sizes=\"(max-width: 768px) 100vw, 768px\" \/>\t\t\t\t\t<\/div>\n\n\t\t\t\t\t\t<\/div>\n\t\t\t\t<\/div>\n\t\t\t\t<\/div>\n\t\t<div class=\"elementor-element elementor-element-97d6084 e-con-full e-flex e-con e-child\" data-id=\"97d6084\" data-element_type=\"container\">\n\t\t\t\t<div class=\"elementor-element elementor-element-98d830b wd-width-100 elementor-widget elementor-widget-wd_title\" data-id=\"98d830b\" data-element_type=\"widget\" data-widget_type=\"wd_title.default\">\n\t\t\t\t<div class=\"elementor-widget-container\">\n\t\t\t\t\t\t\t<div class=\"title-wrapper wd-set-mb reset-last-child wd-title-color-primary wd-title-style-default wd-title-size-large text-left\">\n\n\t\t\t\t\t\t\t\t\t\t\t<div class=\"title-subtitle subtitle-color-primary subtitle-style-default wd-fontsize-xs\">\n\t\t\t\t\tCHI SIAMO \u2013 \t\t\t\t<\/div>\n\t\t\t\n\t\t\t<div class=\"liner-continer\">\n\t\t\t\t<h4 class=\"woodmart-title-container title wd-fontsize-xxl\">DURANTE FAUSTO AUTOTRASPORTI<\/h4> \n\t\t\t\t\t\t\t<\/div>\n\n\t\t\t\t\t\t\t<div class=\"title-after_title reset-last-child wd-fontsize-s\">\n\t\t\t\t\t<p>Durante Fausto Autotrasporti, con sede in <strong>Via S. Rocco n\u00b093 \u2013 Cusignana di Giavera (TV)<\/strong>, opera da anni nel settore del trasporto merci garantendo seriet\u00e0, puntualit\u00e0 e un rapporto diretto con ogni cliente. Nata come realt\u00e0 familiare, l\u2019azienda ha saputo crescere nel tempo mantenendo intatti i valori che l\u2019hanno sempre contraddistinta: impegno, affidabilit\u00e0 e attenzione scrupolosa verso ogni carico affidato.<\/p>\t\t\t\t<\/div>\n\t\t\t\t\t<\/div>\n\t\t\t\t\t\t<\/div>\n\t\t\t\t<\/div>\n\t\t\t\t<div class=\"elementor-element elementor-element-66e47ad elementor-widget elementor-widget-wd_text_block\" data-id=\"66e47ad\" data-element_type=\"widget\" data-widget_type=\"wd_text_block.default\">\n\t\t\t\t<div class=\"elementor-widget-container\">\n\t\t\t\t\t\t\t<div class=\"wd-text-block reset-last-child text-left\">\n\t\t\t\n\t\t\t<p data-start=\"756\" data-end=\"1221\">Grazie a una lunga esperienza sulle strade italiane, Durante Fausto Autotrasporti offre un servizio completo e curato in ogni dettaglio. Ogni trasporto viene pianificato con precisione, scegliendo i percorsi pi\u00f9 rapidi e sicuri e assicurando un\u2019assistenza costante dal ritiro fino alla consegna finale. L\u2019azienda dispone di mezzi efficienti e regolarmente aggiornati, condotti da personale qualificato in grado di gestire spedizioni urgenti, programmate e speciali.<\/p><p data-start=\"1223\" data-end=\"1514\">La filosofia dell\u2019impresa \u00e8 semplice: <strong data-start=\"1261\" data-end=\"1316\">trattare la merce dei clienti come se fosse propria<\/strong>, garantendo massima tutela, trasparenza e comunicazione chiara in ogni fase. Il risultato \u00e8 un servizio professionale, costruito su misura in base alle reali necessit\u00e0 di chi si affida all\u2019azienda.<\/p><p data-start=\"1516\" data-end=\"1705\">Che si tratti di piccoli carichi, trasporti completi o movimentazioni dedicate, Durante Fausto Autotrasporti \u00e8 il partner ideale per chi cerca un interlocutore serio, competente e presente.<\/p><p data-start=\"1707\" data-end=\"1796\">Per informazioni e richieste:<br data-start=\"1736\" data-end=\"1739\" \/><strong data-start=\"1739\" data-end=\"1758\">Telefono e fax:<\/strong> 0422.776539<br data-start=\"1770\" data-end=\"1773\" \/><strong data-start=\"1773\" data-end=\"1784\">Mobile:<\/strong> 335.8036536<\/p>\n\t\t\t\t\t<\/div>\n\t\t\t\t\t\t<\/div>\n\t\t\t\t<\/div>\n\t\t\t\t<\/div>\n\t\t\t\t\t<\/div>\n\t\t\t\t<\/div>\n\t\t\t\t<\/div>\n\t\t","protected":false},"excerpt":{"rendered":"<p>CHI SIAMO \u2013 DURANTE FAUSTO AUTOTRASPORTI Durante Fausto Autotrasporti, con sede in Via S. Rocco n\u00b093 \u2013 Cusignana di Giavera<\/p>\n","protected":false},"author":1,"featured_media":0,"parent":0,"menu_order":0,"comment_status":"closed","ping_status":"closed","template":"","meta":{"footnotes":""},"class_list":["post-4400","page","type-page","status-publish","hentry"],"_links":{"self":[{"href":"https:\/\/magical-gagarin.62-138-0-210.plesk.page\/index.php\/wp-json\/wp\/v2\/pages\/4400","targetHints":{"allow":["GET"]}}],"collection":[{"href":"https:\/\/magical-gagarin.62-138-0-210.plesk.page\/index.php\/wp-json\/wp\/v2\/pages"}],"about":[{"href":"https:\/\/magical-gagarin.62-138-0-210.plesk.page\/index.php\/wp-json\/wp\/v2\/types\/page"}],"author":[{"embeddable":true,"href":"https:\/\/magical-gagarin.62-138-0-210.plesk.page\/index.php\/wp-json\/wp\/v2\/users\/1"}],"replies":[{"embeddable":true,"href":"https:\/\/magical-gagarin.62-138-0-210.plesk.page\/index.php\/wp-json\/wp\/v2\/comments?post=4400"}],"version-history":[{"count":9,"href":"https:\/\/magical-gagarin.62-138-0-210.plesk.page\/index.php\/wp-json\/wp\/v2\/pages\/4400\/revisions"}],"predecessor-version":[{"id":29069,"href":"https:\/\/magical-gagarin.62-138-0-210.plesk.page\/index.php\/wp-json\/wp\/v2\/pages\/4400\/revisions\/29069"}],"wp:attachment":[{"href":"https:\/\/magical-gagarin.62-138-0-210.plesk.page\/index.php\/wp-json\/wp\/v2\/media?parent=4400"}],"curies":[{"name":"wp","href":"https:\/\/api.w.org\/{rel}","templated":true}]}}