{"id":2637,"date":"2021-09-08T14:26:57","date_gmt":"2021-09-08T14:26:57","guid":{"rendered":"http:\/\/dummy.xtemos.com\/woodmart2\/elementor\/?page_id=2637"},"modified":"2025-12-11T15:50:57","modified_gmt":"2025-12-11T15:50:57","slug":"home-cosmetics","status":"publish","type":"page","link":"https:\/\/magical-gagarin.62-138-0-210.plesk.page\/","title":{"rendered":"Home Cosmetics"},"content":{"rendered":"\t\t<div data-elementor-type=\"wp-page\" data-elementor-id=\"2637\" class=\"elementor elementor-2637\">\n\t\t\t\t<div class=\"wd-negative-gap elementor-element elementor-element-27e9dbc e-flex e-con-boxed e-con e-parent\" data-id=\"27e9dbc\" data-element_type=\"container\">\n\t\t\t\t\t<div class=\"e-con-inner\">\n\t\t\t\t<div class=\"elementor-element elementor-element-51b551c elementor-widget elementor-widget-wd_slider\" data-id=\"51b551c\" data-element_type=\"widget\" data-widget_type=\"wd_slider.default\">\n\t\t\t\t<div class=\"elementor-widget-container\">\n\t\t\t\t\t\t\t\t<link rel=\"stylesheet\" id=\"xts-style-term-70-css\" href=\"https:\/\/magical-gagarin.62-138-0-210.plesk.page\/wp-content\/uploads\/2025\/12\/xts-term-70-1765465290.css?ver=8.2.5\" type=\"text\/css\" media=\"all\">  \t\t\t<style>\t\t\t\t\t\t\t#slide-27008 .wd-slide-container {\n\t\t\t\t\t\t\t\t\t\t--wd-align-items: center;\n\t\t\t\t\t\t\t\t\t\t\t\t\t\t\t--wd-justify-content: left;\n\t\t\t\t\t\t\t\t\t}\n\t\t\t\t\t\t\t\t#slide-27008.woodmart-loaded .wd-slide-bg {\n\t\t\t\tbackground-image:url(https:\/\/magical-gagarin.62-138-0-210.plesk.page\/wp-content\/uploads\/2024\/02\/012.png);\t\t\t\t}\n\n\t\t\t\t#slide-27008 .wd-slide-bg {\n\t\t\t\tbackground-color:rgb(248,248,248);\t\t\t\tbackground-size:cover;\n\t\t\t\t\t\t\t\t\t\tbackground-position:center center;\t\t\t\t\t\t\t\t\t}\n\n\t\t\t\t\t\t\t\t\t#slide-27008 .wd-slide-inner {\n\t\t\t\t\t\tmax-width:500px;\t\t\t\t\t}\n\t\t\t\t\n\t\t\t\t@media (max-width: 1024px) {\n\t\t\t\t\n\t\t\t\t\n\t\t\t\t\t\t\t\t\t\t#slide-27008 .wd-slide-inner {\n\t\t\t\t\t\t\tmax-width:420px;\t\t\t\t\t\t}\n\t\t\t\t\t\n\t\t\t\t\t#slide-27008 .wd-slide-bg {\n\t\t\t\t\t\t\t\t\t\t\t\t\t\t\t\t\t\t\n\t\t\t\t\t\t\t\t\t\t\t\t\t\t\t\t\t\t\t\t\t\t\t}\n\t\t\t\t}\n\n\t\t\t\t@media (max-width: 768px) {\n\t\t\t\t\n\t\t\t\t\t\t\t\t\t\t#slide-27008.woodmart-loaded .wd-slide-bg {\n\t\t\t\t\t\t\tbackground-image:url(https:\/\/magical-gagarin.62-138-0-210.plesk.page\/wp-content\/uploads\/2024\/02\/012.png);\t\t\t\t\t\t}\n\t\t\t\t\t\n\t\t\t\t\t\t\t\t\t\t#slide-27008 .wd-slide-inner {\n\t\t\t\t\t\t\tmax-width:800px;\t\t\t\t\t\t}\n\t\t\t\t\t\n\t\t\t\t\t#slide-27008 .wd-slide-bg {\n\t\t\t\t\t\t\t\t\t\t\t\tbackground-size:cover;\t\t\t\t\t\t\n\t\t\t\t\t\t\t\t\t\t\t\tbackground-position: 0px;\t\t\t\t\t\t\t\t\t\t\t}\n\t\t\t\t}\n\n\t\t\t\t\n\t\t\t\t\t\t\t\t\t\t\t\t\t\t\t#slide-27018 .wd-slide-container {\n\t\t\t\t\t\t\t\t\t\t--wd-align-items: center;\n\t\t\t\t\t\t\t\t\t\t\t\t\t\t\t--wd-justify-content: left;\n\t\t\t\t\t\t\t\t\t}\n\t\t\t\t\t\t\t\t#slide-27018.woodmart-loaded .wd-slide-bg {\n\t\t\t\tbackground-image:url(https:\/\/magical-gagarin.62-138-0-210.plesk.page\/wp-content\/uploads\/2025\/12\/123456.webp);\t\t\t\t}\n\n\t\t\t\t#slide-27018 .wd-slide-bg {\n\t\t\t\tbackground-color:rgb(248,248,248);\t\t\t\tbackground-size:cover;\n\t\t\t\t\t\t\t\t\t\tbackground-position:center center;\t\t\t\t\t\t\t\t\t}\n\n\t\t\t\t\t\t\t\t\t#slide-27018 .wd-slide-inner {\n\t\t\t\t\t\tmax-width:1200px;\t\t\t\t\t}\n\t\t\t\t\n\t\t\t\t@media (max-width: 1024px) {\n\t\t\t\t\n\t\t\t\t\n\t\t\t\t\t\t\t\t\t\t#slide-27018 .wd-slide-inner {\n\t\t\t\t\t\t\tmax-width:1200px;\t\t\t\t\t\t}\n\t\t\t\t\t\n\t\t\t\t\t#slide-27018 .wd-slide-bg {\n\t\t\t\t\t\t\t\t\t\t\t\t\t\t\t\t\t\t\n\t\t\t\t\t\t\t\t\t\t\t\t\t\t\t\t\t\t\t\t\t\t\t}\n\t\t\t\t}\n\n\t\t\t\t@media (max-width: 768px) {\n\t\t\t\t\n\t\t\t\t\n\t\t\t\t\t\t\t\t\t\t#slide-27018 .wd-slide-inner {\n\t\t\t\t\t\t\tmax-width:800px;\t\t\t\t\t\t}\n\t\t\t\t\t\n\t\t\t\t\t#slide-27018 .wd-slide-bg {\n\t\t\t\t\t\t\t\t\t\t\t\tbackground-size:cover;\t\t\t\t\t\t\n\t\t\t\t\t\t\t\t\t\t\t\tbackground-position:center center;\t\t\t\t\t\t\t\t\t\t\t}\n\t\t\t\t}\n\n\t\t\t\t\n\t\t\t\t\t\t\t\t<\/style>\n\t\t<div id=\"slider-70\" data-id=\"70\" class=\"wd-slider wd-carousel-container wd-anim-fade wd-section-stretch\">\n\t\t\t<div class=\"wd-carousel-inner\">\n\t\t\t\t<div class=\"wd-carousel wd-grid\" data-speed=\"25000\" data-wrap=\"yes\" data-autoplay=\"yes\" data-autoheight=\"yes\" data-scroll_per_page=\"yes\" data-sliding_speed=\"700\" data-effect=\"fade\" style=\"--wd-col-lg:1;--wd-col-md:1;--wd-col-sm:1;\">\n\t\t\t\t\t<div class=\"wd-carousel-wrap \">\n\t\t\t\t\t\t\t\t\t\t\t\t\t\t\t\t\t\t\t\t<div id=\"slide-27008\" class=\"wd-slide wd-carousel-item woodmart-loaded\" >\n\t\t\t\t\t\t\t\t\t\t\t\t\t\t\t\t<div class=\"container wd-slide-container content-fixed\">\n\t\t\t\t\t\t\t\t\t<div class=\"wd-slide-inner \">\n\t\t\t\t\t\t\t\t\t\t\t\t\t\t\t\t\t\t\t\t\t\t\t\t\t\t\t\t\t\t\t\t\t\t\t\t\t\t\t\t<\/div>\n\t\t\t\t\t\t\t\t<\/div>\n\n\t\t\t\t\t\t\t\t<div class=\"wd-slide-bg wd-fill\"><\/div>\n\n\t\t\t\t\t\t\t\t\t\t\t\t\t\t\t<\/div>\n\n\t\t\t\t\t\t\t\t\t\t\t\t\t\t\t\t\t\t\t\t\t\t\t\t\t\t\t\t\t\t\t\t\t\t\t\t\t\t\t\t\t\t<div id=\"slide-27018\" class=\"wd-slide wd-carousel-item\" >\n\t\t\t\t\t\t\t\t\t\t\t\t\t\t\t\t<div class=\"container wd-slide-container content-fixed wd-padding-off\">\n\t\t\t\t\t\t\t\t\t<div class=\"wd-slide-inner \">\n\t\t\t\t\t\t\t\t\t\t\t\t\t\t\t\t\t\t\t\t\t\t\t\t\t\t\t\t\t\t\t\t\t\t\t\t\t\t\t\t<\/div>\n\t\t\t\t\t\t\t\t<\/div>\n\n\t\t\t\t\t\t\t\t<div class=\"wd-slide-bg wd-fill\"><\/div>\n\n\t\t\t\t\t\t\t\t\t\t\t\t\t\t\t<\/div>\n\n\t\t\t\t\t\t\t\t\t\t\t\t\t\t\t\t\t\t<\/div>\n\t\t\t\t<\/div>\n\n\t\t\t\t\t\t\t\t\t\t\t\t\t\t<div class=\"wd-nav-arrows wd-slider-arrows wd-custom-style wd-style-1 wd-pos-sep color-scheme-dark\">\n\t\t\t\t\t\t<div class=\"wd-btn-arrow wd-prev\">\n\t\t\t\t\t\t\t<div class=\"wd-arrow-inner\"><\/div>\n\t\t\t\t\t\t<\/div>\n\t\t\t\t\t\t<div class=\"wd-btn-arrow wd-next\">\n\t\t\t\t\t\t\t<div class=\"wd-arrow-inner\"><\/div>\n\t\t\t\t\t\t<\/div>\n\t\t\t\t\t<\/div>\n\t\t\t\t\t\t\t<\/div>\n\n\t\t\t\t\t\t\t\t\t\t\t<div class=\"wd-nav-pagin-wrap wd-slider-pagin wd-custom-style wd-style-shape-1 text-center\">\n\t\t\t\t\t<ul class=\"wd-nav-pagin\"><\/ul>\n\t\t\t\t<\/div>\n\t\t\t\t\t<\/div>\n\t\t\t\t\t\t<\/div>\n\t\t\t\t<\/div>\n\t\t\t\t\t<\/div>\n\t\t\t\t<\/div>\n\t\t<div class=\"wd-negative-gap elementor-element elementor-element-8c02406 wd-section-stretch e-flex e-con-boxed e-con e-parent\" data-id=\"8c02406\" data-element_type=\"container\">\n\t\t\t\t\t<div class=\"e-con-inner\">\n\t\t<div class=\"elementor-element elementor-element-b337dd2 e-con-full e-flex e-con e-child\" data-id=\"b337dd2\" data-element_type=\"container\">\n\t\t\t\t<div class=\"elementor-element elementor-element-0094947 elementor-widget elementor-widget-wd_banner\" data-id=\"0094947\" data-element_type=\"widget\" data-widget_type=\"wd_banner.default\">\n\t\t\t\t<div class=\"elementor-widget-container\">\n\t\t\t\t\t\t\t<div class=\"promo-banner-wrapper\">\n\t\t\t<div class=\"promo-banner banner-default banner-hover-parallax color-scheme-dark banner-btn-size-small banner-btn-style-link wd-with-link\">\n\t\t\t\t<div class=\"main-wrapp-img\">\n\t\t\t\t\t<div class=\"banner-image wd-without-height\">\n\t\t\t\t\t\t\t\t\t\t\t\t\t\t\t\t\t\t\t\t\t<img fetchpriority=\"high\" decoding=\"async\" width=\"600\" height=\"400\" src=\"https:\/\/magical-gagarin.62-138-0-210.plesk.page\/wp-content\/uploads\/2025\/12\/023-600x400.png\" class=\"attachment-600x400 size-600x400\" alt=\"\" \/>\t\t\t\t\t\t\t\t\t\t\t\t\t\t\t\t\t\t<\/div>\n\t\t\t\t<\/div>\n\n\t\t\t\t<div class=\"wrapper-content-banner wd-fill wd-items-middle wd-justify-center\">\n\t\t\t\t\t<div class=\"content-banner  text-center\">\n\t\t\t\t\t\t\n\t\t\t\t\t\t\n\t\t\t\t\t\t\n\t\t\t\t\t\t\n\t\t\t\t\t\t\t\t\t\t\t<\/div>\n\t\t\t\t<\/div>\n\n\t\t\t\t\t\t\t\t\t<a href=\"#\" class=\"wd-promo-banner-link wd-fill\" aria-label=\"Banner link\"><\/a>\n\t\t\t\t\t\t\t<\/div>\n\t\t<\/div>\n\t\t\t\t\t\t<\/div>\n\t\t\t\t<\/div>\n\t\t\t\t<div class=\"elementor-element elementor-element-eac026b elementor-widget elementor-widget-wd_infobox\" data-id=\"eac026b\" data-element_type=\"widget\" data-widget_type=\"wd_infobox.default\">\n\t\t\t\t<div class=\"elementor-widget-container\">\n\t\t\t\t\t\t\t<div class=\"info-box-wrapper\">\n\t\t\t<div class=\"wd-info-box text-center box-icon-align-top box-style-base color-scheme-\">\n\t\t\t\t\n\t\t\t\t<div class=\"info-box-content\">\n\t\t\t\t\t\n\t\t\t\t\t\t\t\t\t\t\t<h4\t\t\t\t\t\tclass=\"info-box-title title box-title-style-default wd-fontsize-m\" data-elementor-setting-key=\"title\">\n\t\t\t\t\t\t\t\tLa Tua Merce in Buone Mani\t\t\t\t\t\t<\/h4>\n\t\t\t\t\t\n\t\t\t\t\t<div class=\"info-box-inner reset-last-child\"data-elementor-setting-key=\"content\"><p>Dal singolo collo ai carichi completi, l\u2019azienda offre trasporti su misura in tutta Italia, con monitoraggio costante e assistenza dedicata per ogni esigenza logistica.<\/p>\n<\/div>\n\n\t\t\t\t\t\t\t\t\t<\/div>\n\n\t\t\t\t\t\t\t\t\t<a href=\"#\" class=\"wd-info-box-link wd-fill\" aria-label=\"Infobox link\"><\/a>\n\t\t\t\t\t\t\t<\/div>\n\t\t<\/div>\n\t\t\t\t\t\t<\/div>\n\t\t\t\t<\/div>\n\t\t\t\t<\/div>\n\t\t<div class=\"elementor-element elementor-element-996a14e e-con-full e-flex e-con e-child\" data-id=\"996a14e\" data-element_type=\"container\">\n\t\t\t\t<div class=\"elementor-element elementor-element-95ab45c elementor-widget elementor-widget-wd_banner\" data-id=\"95ab45c\" data-element_type=\"widget\" data-widget_type=\"wd_banner.default\">\n\t\t\t\t<div class=\"elementor-widget-container\">\n\t\t\t\t\t\t\t<div class=\"promo-banner-wrapper\">\n\t\t\t<div class=\"promo-banner banner-default banner-hover-parallax color-scheme-dark banner-btn-size-small banner-btn-style-link wd-with-link\">\n\t\t\t\t<div class=\"main-wrapp-img\">\n\t\t\t\t\t<div class=\"banner-image wd-without-height\">\n\t\t\t\t\t\t\t\t\t\t\t\t\t\t\t\t\t\t\t\t\t<img decoding=\"async\" width=\"600\" height=\"400\" src=\"https:\/\/magical-gagarin.62-138-0-210.plesk.page\/wp-content\/uploads\/2025\/12\/123456-600x400.webp\" class=\"attachment-600x400 size-600x400\" alt=\"\" \/>\t\t\t\t\t\t\t\t\t\t\t\t\t\t\t\t\t\t<\/div>\n\t\t\t\t<\/div>\n\n\t\t\t\t<div class=\"wrapper-content-banner wd-fill wd-items-middle wd-justify-center\">\n\t\t\t\t\t<div class=\"content-banner  text-center\">\n\t\t\t\t\t\t\n\t\t\t\t\t\t\n\t\t\t\t\t\t\n\t\t\t\t\t\t\n\t\t\t\t\t\t\t\t\t\t\t<\/div>\n\t\t\t\t<\/div>\n\n\t\t\t\t\t\t\t\t\t<a href=\"#\" class=\"wd-promo-banner-link wd-fill\" aria-label=\"Banner link\"><\/a>\n\t\t\t\t\t\t\t<\/div>\n\t\t<\/div>\n\t\t\t\t\t\t<\/div>\n\t\t\t\t<\/div>\n\t\t\t\t<div class=\"elementor-element elementor-element-b873f96 elementor-widget elementor-widget-wd_infobox\" data-id=\"b873f96\" data-element_type=\"widget\" data-widget_type=\"wd_infobox.default\">\n\t\t\t\t<div class=\"elementor-widget-container\">\n\t\t\t\t\t\t\t<div class=\"info-box-wrapper\">\n\t\t\t<div class=\"wd-info-box text-center box-icon-align-top box-style-base color-scheme-\">\n\t\t\t\t\n\t\t\t\t<div class=\"info-box-content\">\n\t\t\t\t\t\n\t\t\t\t\t\t\t\t\t\t\t<h4\t\t\t\t\t\tclass=\"info-box-title title box-title-style-default wd-fontsize-m\" data-elementor-setting-key=\"title\">\n\t\t\t\t\t\t\t\tEfficienza e Precisione per Ogni Destinazione\t\t\t\t\t\t<\/h4>\n\t\t\t\t\t\n\t\t\t\t\t<div class=\"info-box-inner reset-last-child\"data-elementor-setting-key=\"content\"><p>Un partner affidabile per spedizioni urgenti e programmate. L\u2019organizzazione impeccabile consente tempi di consegna rapidi e un controllo totale lungo tutte le fasi del viaggio.<\/p>\n<\/div>\n\n\t\t\t\t\t\t\t\t\t<\/div>\n\n\t\t\t\t\t\t\t\t\t<a href=\"#\" class=\"wd-info-box-link wd-fill\" aria-label=\"Infobox link\"><\/a>\n\t\t\t\t\t\t\t<\/div>\n\t\t<\/div>\n\t\t\t\t\t\t<\/div>\n\t\t\t\t<\/div>\n\t\t\t\t<\/div>\n\t\t<div class=\"elementor-element elementor-element-5b86ece e-con-full e-flex e-con e-child\" data-id=\"5b86ece\" data-element_type=\"container\">\n\t\t\t\t<div class=\"elementor-element elementor-element-6e148b1 elementor-widget elementor-widget-wd_banner\" data-id=\"6e148b1\" data-element_type=\"widget\" data-widget_type=\"wd_banner.default\">\n\t\t\t\t<div class=\"elementor-widget-container\">\n\t\t\t\t\t\t\t<div class=\"promo-banner-wrapper\">\n\t\t\t<div class=\"promo-banner banner-default banner-hover-parallax color-scheme-dark banner-btn-size-small banner-btn-style-link wd-with-link\">\n\t\t\t\t<div class=\"main-wrapp-img\">\n\t\t\t\t\t<div class=\"banner-image wd-without-height\">\n\t\t\t\t\t\t\t\t\t\t\t\t\t\t\t\t\t\t\t\t\t<img decoding=\"async\" width=\"600\" height=\"400\" src=\"https:\/\/magical-gagarin.62-138-0-210.plesk.page\/wp-content\/uploads\/2025\/12\/2536-600x400.webp\" class=\"attachment-600x400 size-600x400\" alt=\"\" \/>\t\t\t\t\t\t\t\t\t\t\t\t\t\t\t\t\t\t<\/div>\n\t\t\t\t<\/div>\n\n\t\t\t\t<div class=\"wrapper-content-banner wd-fill wd-items-middle wd-justify-center\">\n\t\t\t\t\t<div class=\"content-banner  text-center\">\n\t\t\t\t\t\t\n\t\t\t\t\t\t\n\t\t\t\t\t\t\n\t\t\t\t\t\t\n\t\t\t\t\t\t\t\t\t\t\t<\/div>\n\t\t\t\t<\/div>\n\n\t\t\t\t\t\t\t\t\t<a href=\"#\" class=\"wd-promo-banner-link wd-fill\" aria-label=\"Banner link\"><\/a>\n\t\t\t\t\t\t\t<\/div>\n\t\t<\/div>\n\t\t\t\t\t\t<\/div>\n\t\t\t\t<\/div>\n\t\t\t\t<div class=\"elementor-element elementor-element-52bdccc elementor-widget elementor-widget-wd_infobox\" data-id=\"52bdccc\" data-element_type=\"widget\" data-widget_type=\"wd_infobox.default\">\n\t\t\t\t<div class=\"elementor-widget-container\">\n\t\t\t\t\t\t\t<div class=\"info-box-wrapper\">\n\t\t\t<div class=\"wd-info-box text-center box-icon-align-top box-style-base color-scheme-\">\n\t\t\t\t\n\t\t\t\t<div class=\"info-box-content\">\n\t\t\t\t\t\n\t\t\t\t\t\t\t\t\t\t\t<h4\t\t\t\t\t\tclass=\"info-box-title title box-title-style-default wd-fontsize-m\" data-elementor-setting-key=\"title\">\n\t\t\t\t\t\t\t\tTrasporti Nazionali Sicuri, Veloci e Garantiti\t\t\t\t\t\t<\/h4>\n\t\t\t\t\t\n\t\t\t\t\t<div class=\"info-box-inner reset-last-child\"data-elementor-setting-key=\"content\"><p>L\u2019impresa offre un servizio completo che unisce professionalit\u00e0, sicurezza del carico e massima trasparenza. La qualit\u00e0 \u00e8 assicurata da continui investimenti in tecnologia e formazione.<\/p>\n<\/div>\n\n\t\t\t\t\t\t\t\t\t<\/div>\n\n\t\t\t\t\t\t\t\t\t<a href=\"#\" class=\"wd-info-box-link wd-fill\" aria-label=\"Infobox link\"><\/a>\n\t\t\t\t\t\t\t<\/div>\n\t\t<\/div>\n\t\t\t\t\t\t<\/div>\n\t\t\t\t<\/div>\n\t\t\t\t<\/div>\n\t\t\t\t\t<\/div>\n\t\t\t\t<\/div>\n\t\t<div class=\"wd-negative-gap elementor-element elementor-element-25a758d wd-section-stretch e-flex e-con-boxed e-con e-parent\" data-id=\"25a758d\" data-element_type=\"container\" data-settings=\"{&quot;background_background&quot;:&quot;classic&quot;}\">\n\t\t\t\t\t<div class=\"e-con-inner\">\n\t\t<div class=\"elementor-element elementor-element-07adf8c e-con-full e-flex e-con e-child\" data-id=\"07adf8c\" data-element_type=\"container\">\n\t\t\t\t<div class=\"elementor-element elementor-element-bfae353 elementor-widget elementor-widget-wd_image_or_svg\" data-id=\"bfae353\" data-element_type=\"widget\" data-widget_type=\"wd_image_or_svg.default\">\n\t\t\t\t<div class=\"elementor-widget-container\">\n\t\t\t\t\t\n\t\t<div class=\"wd-image text-center\">\n\t\t\t\t\t\t\t\t<img loading=\"lazy\" decoding=\"async\" width=\"768\" height=\"1344\" src=\"https:\/\/magical-gagarin.62-138-0-210.plesk.page\/wp-content\/uploads\/2025\/12\/024.png\" class=\"attachment-full size-full\" alt=\"\" srcset=\"https:\/\/magical-gagarin.62-138-0-210.plesk.page\/wp-content\/uploads\/2025\/12\/024.png 768w, https:\/\/magical-gagarin.62-138-0-210.plesk.page\/wp-content\/uploads\/2025\/12\/024-171x300.png 171w, https:\/\/magical-gagarin.62-138-0-210.plesk.page\/wp-content\/uploads\/2025\/12\/024-457x800.png 457w, https:\/\/magical-gagarin.62-138-0-210.plesk.page\/wp-content\/uploads\/2025\/12\/024-430x753.png 430w, https:\/\/magical-gagarin.62-138-0-210.plesk.page\/wp-content\/uploads\/2025\/12\/024-700x1225.png 700w, https:\/\/magical-gagarin.62-138-0-210.plesk.page\/wp-content\/uploads\/2025\/12\/024-150x263.png 150w\" sizes=\"(max-width: 768px) 100vw, 768px\" \/>\t\t\t\t\t<\/div>\n\n\t\t\t\t\t\t<\/div>\n\t\t\t\t<\/div>\n\t\t\t\t<\/div>\n\t\t<div class=\"elementor-element elementor-element-2b5cf32 e-con-full e-flex e-con e-child\" data-id=\"2b5cf32\" data-element_type=\"container\">\n\t\t\t\t<div class=\"elementor-element elementor-element-31466f4 wd-width-100 elementor-widget elementor-widget-wd_title\" data-id=\"31466f4\" data-element_type=\"widget\" data-widget_type=\"wd_title.default\">\n\t\t\t\t<div class=\"elementor-widget-container\">\n\t\t\t\t\t\t\t<div class=\"title-wrapper wd-set-mb reset-last-child wd-title-color-default wd-title-style-default wd-title-size-default text-left\">\n\n\t\t\t\n\t\t\t<div class=\"liner-continer\">\n\t\t\t\t<h4 class=\"woodmart-title-container title wd-fontsize-l wd-underline-colored-alt\"><strong>Fausto Durante Autotrasporti: <\/strong> Affidabilit\u00e0 su Strada da Oltre <u>30 Anni<\/u><\/h4> \n\t\t\t\t\t\t\t<\/div>\n\n\t\t\t\t\t<\/div>\n\t\t\t\t\t\t<\/div>\n\t\t\t\t<\/div>\n\t\t\t\t<div class=\"elementor-element elementor-element-2f6a866 color-scheme-inherit text-left elementor-widget elementor-widget-text-editor\" data-id=\"2f6a866\" data-element_type=\"widget\" data-widget_type=\"text-editor.default\">\n\t\t\t\t\t\t\t\t\t<p>Servizio di trasporto merci rapido, sicuro e professionale. L\u2019azienda garantisce puntualit\u00e0 e massima cura nel trattamento dei carichi, grazie a un parco mezzi moderno e a un team altamente qualificato.<\/p>\t\t\t\t\t\t\t\t<\/div>\n\t\t<div class=\"wd-negative-gap elementor-element elementor-element-6fc0ae5 e-flex e-con-boxed e-con e-child\" data-id=\"6fc0ae5\" data-element_type=\"container\">\n\t\t\t\t\t<div class=\"e-con-inner\">\n\t\t\t\t<div class=\"elementor-element elementor-element-6e4adef elementor-widget__width-auto elementor-widget elementor-widget-wd_button\" data-id=\"6e4adef\" data-element_type=\"widget\" data-widget_type=\"wd_button.default\">\n\t\t\t\t<div class=\"elementor-widget-container\">\n\t\t\t\t\t\t\t<div class=\"wd-button-wrapper text-center\" >\n\t\t\t<a class=\"btn btn-style-default btn-shape-rectangle btn-size-default btn-color-primary btn-icon-pos-right\"  href=\"#\">\n\t\t\t\t<span class=\"wd-btn-text\" data-elementor-setting-key=\"text\">\n\t\t\t\t\tCONTATTACI\t\t\t\t<\/span>\n\n\t\t\t\t\t\t\t<\/a>\n\t\t<\/div>\n\t\t\t\t\t\t<\/div>\n\t\t\t\t<\/div>\n\t\t\t\t\t<\/div>\n\t\t\t\t<\/div>\n\t\t\t\t<\/div>\n\t\t\t\t\t<\/div>\n\t\t\t\t<\/div>\n\t\t<div class=\"wd-negative-gap elementor-element elementor-element-a55c288 wd-section-stretch e-flex e-con-boxed e-con e-parent\" data-id=\"a55c288\" data-element_type=\"container\">\n\t\t\t\t\t<div class=\"e-con-inner\">\n\t\t<div class=\"elementor-element elementor-element-2119055 e-con-full e-flex e-con e-child\" data-id=\"2119055\" data-element_type=\"container\">\n\t\t\t\t<div class=\"elementor-element elementor-element-2550574 wd-width-100 elementor-widget elementor-widget-wd_title\" data-id=\"2550574\" data-element_type=\"widget\" data-widget_type=\"wd_title.default\">\n\t\t\t\t<div class=\"elementor-widget-container\">\n\t\t\t\t\t\t\t<div class=\"title-wrapper wd-set-mb reset-last-child wd-title-color-default wd-title-style-default wd-title-size-default text-center\">\n\n\t\t\t\n\t\t\t<div class=\"liner-continer\">\n\t\t\t\t<h4 class=\"woodmart-title-container title wd-fontsize-l wd-underline-colored-alt\"><strong>La Logistica che Fa la Differenza: <\/strong> Scegli <u>Fausto Durante<\/u><\/h4> \n\t\t\t\t\t\t\t<\/div>\n\n\t\t\t\t\t<\/div>\n\t\t\t\t\t\t<\/div>\n\t\t\t\t<\/div>\n\t\t\t\t<div class=\"elementor-element elementor-element-7fe98cf text-center color-scheme-inherit elementor-widget elementor-widget-text-editor\" data-id=\"7fe98cf\" data-element_type=\"widget\" data-widget_type=\"text-editor.default\">\n\t\t\t\t\t\t\t\t\t<p>Soluzioni logistiche flessibili, gestione attenta dei percorsi e personale esperto permettono all\u2019azienda di rispondere a ogni richiesta, anche la pi\u00f9 complessa, con rapidit\u00e0 ed efficienza.<\/p>\t\t\t\t\t\t\t\t<\/div>\n\t\t<div class=\"wd-negative-gap elementor-element elementor-element-f70b5dc e-flex e-con-boxed e-con e-child\" data-id=\"f70b5dc\" data-element_type=\"container\">\n\t\t\t\t\t<div class=\"e-con-inner\">\n\t\t\t\t<div class=\"elementor-element elementor-element-07f098c elementor-widget__width-auto elementor-widget elementor-widget-wd_button\" data-id=\"07f098c\" data-element_type=\"widget\" data-widget_type=\"wd_button.default\">\n\t\t\t\t<div class=\"elementor-widget-container\">\n\t\t\t\t\t\t\t<div class=\"wd-button-wrapper text-center\" >\n\t\t\t<a class=\"btn btn-style-default btn-shape-rectangle btn-size-default btn-color-primary btn-icon-pos-right\"  href=\"#\">\n\t\t\t\t<span class=\"wd-btn-text\" data-elementor-setting-key=\"text\">\n\t\t\t\t\tCONTATTACI\t\t\t\t<\/span>\n\n\t\t\t\t\t\t\t<\/a>\n\t\t<\/div>\n\t\t\t\t\t\t<\/div>\n\t\t\t\t<\/div>\n\t\t\t\t\t<\/div>\n\t\t\t\t<\/div>\n\t\t\t\t<\/div>\n\t\t<div class=\"elementor-element elementor-element-3b46f0a e-con-full e-flex e-con e-child\" data-id=\"3b46f0a\" data-element_type=\"container\">\n\t\t\t\t<div class=\"elementor-element elementor-element-69174c7 elementor-widget elementor-widget-wd_image_or_svg\" data-id=\"69174c7\" data-element_type=\"widget\" data-widget_type=\"wd_image_or_svg.default\">\n\t\t\t\t<div class=\"elementor-widget-container\">\n\t\t\t\t\t\n\t\t<div class=\"wd-image text-center\">\n\t\t\t\t\t\t\t\t<img loading=\"lazy\" decoding=\"async\" width=\"1024\" height=\"1024\" src=\"https:\/\/magical-gagarin.62-138-0-210.plesk.page\/wp-content\/uploads\/2025\/12\/895.webp\" class=\"attachment-full size-full\" alt=\"\" srcset=\"https:\/\/magical-gagarin.62-138-0-210.plesk.page\/wp-content\/uploads\/2025\/12\/895.webp 1024w, https:\/\/magical-gagarin.62-138-0-210.plesk.page\/wp-content\/uploads\/2025\/12\/895-300x300.webp 300w, https:\/\/magical-gagarin.62-138-0-210.plesk.page\/wp-content\/uploads\/2025\/12\/895-800x800.webp 800w, https:\/\/magical-gagarin.62-138-0-210.plesk.page\/wp-content\/uploads\/2025\/12\/895-150x150.webp 150w, https:\/\/magical-gagarin.62-138-0-210.plesk.page\/wp-content\/uploads\/2025\/12\/895-768x768.webp 768w, https:\/\/magical-gagarin.62-138-0-210.plesk.page\/wp-content\/uploads\/2025\/12\/895-430x430.webp 430w, https:\/\/magical-gagarin.62-138-0-210.plesk.page\/wp-content\/uploads\/2025\/12\/895-700x700.webp 700w\" sizes=\"(max-width: 1024px) 100vw, 1024px\" \/>\t\t\t\t\t<\/div>\n\n\t\t\t\t\t\t<\/div>\n\t\t\t\t<\/div>\n\t\t\t\t<\/div>\n\t\t\t\t\t<\/div>\n\t\t\t\t<\/div>\n\t\t<div class=\"wd-negative-gap elementor-element elementor-element-2649186 e-flex e-con-boxed e-con e-parent\" data-id=\"2649186\" data-element_type=\"container\">\n\t\t\t\t\t<div class=\"e-con-inner\">\n\t\t\t\t<div class=\"elementor-element elementor-element-8381260 wd-width-100 elementor-widget elementor-widget-wd_title\" data-id=\"8381260\" data-element_type=\"widget\" data-widget_type=\"wd_title.default\">\n\t\t\t\t<div class=\"elementor-widget-container\">\n\t\t\t\t\t\t\t<div class=\"title-wrapper wd-set-mb reset-last-child wd-title-color-default wd-title-style-default wd-title-size-large text-center\">\n\n\t\t\t\t\t\t\t\t\t\t\t<div class=\"title-subtitle subtitle-color-default subtitle-style-default wd-fontsize-xs\">\n\t\t\t\t\tAutotrasporti Fausto Durante\t\t\t\t<\/div>\n\t\t\t\n\t\t\t<div class=\"liner-continer\">\n\t\t\t\t<h4 class=\"woodmart-title-container title wd-fontsize-xxl\">Trasporto Merci d\u2019Eccellenza: L\u2019Esperienza che Conta<\/h4> \n\t\t\t\t\t\t\t<\/div>\n\n\t\t\t\t\t\t\t<div class=\"title-after_title reset-last-child wd-fontsize-s\">\n\t\t\t\t\t<p>Grazie a un\u2019esperienza consolidata nel settore dell\u2019autotrasporto, Fausto Durante garantisce un servizio di alta qualit\u00e0, curato nei dettagli e orientato alla totale soddisfazione del cliente.<\/p>\t\t\t\t<\/div>\n\t\t\t\t\t<\/div>\n\t\t\t\t\t\t<\/div>\n\t\t\t\t<\/div>\n\t\t\t\t\t<\/div>\n\t\t\t\t<\/div>\n\t\t\t\t<\/div>\n\t\t","protected":false},"excerpt":{"rendered":"<p>Commodo The Best Natural &amp; Organic Mascara. There are many variations of passages of Lorem Ipsum available, but the majority<\/p>\n","protected":false},"author":1,"featured_media":0,"parent":0,"menu_order":0,"comment_status":"closed","ping_status":"closed","template":"","meta":{"footnotes":""},"class_list":["post-2637","page","type-page","status-publish","hentry"],"_links":{"self":[{"href":"https:\/\/magical-gagarin.62-138-0-210.plesk.page\/index.php\/wp-json\/wp\/v2\/pages\/2637","targetHints":{"allow":["GET"]}}],"collection":[{"href":"https:\/\/magical-gagarin.62-138-0-210.plesk.page\/index.php\/wp-json\/wp\/v2\/pages"}],"about":[{"href":"https:\/\/magical-gagarin.62-138-0-210.plesk.page\/index.php\/wp-json\/wp\/v2\/types\/page"}],"author":[{"embeddable":true,"href":"https:\/\/magical-gagarin.62-138-0-210.plesk.page\/index.php\/wp-json\/wp\/v2\/users\/1"}],"replies":[{"embeddable":true,"href":"https:\/\/magical-gagarin.62-138-0-210.plesk.page\/index.php\/wp-json\/wp\/v2\/comments?post=2637"}],"version-history":[{"count":24,"href":"https:\/\/magical-gagarin.62-138-0-210.plesk.page\/index.php\/wp-json\/wp\/v2\/pages\/2637\/revisions"}],"predecessor-version":[{"id":29056,"href":"https:\/\/magical-gagarin.62-138-0-210.plesk.page\/index.php\/wp-json\/wp\/v2\/pages\/2637\/revisions\/29056"}],"wp:attachment":[{"href":"https:\/\/magical-gagarin.62-138-0-210.plesk.page\/index.php\/wp-json\/wp\/v2\/media?parent=2637"}],"curies":[{"name":"wp","href":"https:\/\/api.w.org\/{rel}","templated":true}]}}